{"id":1830,"date":"2021-11-21T15:14:19","date_gmt":"2021-11-21T15:14:19","guid":{"rendered":"http:\/\/fullbombas.cl\/cl\/about-2\/"},"modified":"2024-06-29T16:39:44","modified_gmt":"2024-06-29T16:39:44","slug":"quienes-somos","status":"publish","type":"page","link":"https:\/\/fullbombas.cl\/cl\/quienes-somos\/","title":{"rendered":"Qui\u00e9nes Somos"},"content":{"rendered":"\t\t<div data-elementor-type=\"wp-page\" data-elementor-id=\"1830\" class=\"elementor elementor-1830\">\n\t\t\t\t\t\t\t\t\t<section class=\"elementor-section elementor-top-section elementor-element elementor-element-3447f83 elementor-section-boxed elementor-section-height-default elementor-section-height-default\" data-id=\"3447f83\" data-element_type=\"section\" data-settings=\"{&quot;background_background&quot;:&quot;classic&quot;}\">\n\t\t\t\t\t\t<div class=\"elementor-container elementor-column-gap-custom\">\n\t\t\t\t\t<div class=\"elementor-column elementor-col-100 elementor-top-column elementor-element elementor-element-b3a35f8\" data-id=\"b3a35f8\" data-element_type=\"column\">\n\t\t\t<div class=\"elementor-widget-wrap elementor-element-populated\">\n\t\t\t\t\t\t\t\t<div class=\"elementor-element elementor-element-32eb271 elementor-widget__width-initial elementor-widget elementor-widget-heading\" data-id=\"32eb271\" data-element_type=\"widget\" data-widget_type=\"heading.default\">\n\t\t\t\t<div class=\"elementor-widget-container\">\n\t\t\t<style>\/*! elementor - v3.16.0 - 20-09-2023 *\/\n.elementor-heading-title{padding:0;margin:0;line-height:1}.elementor-widget-heading .elementor-heading-title[class*=elementor-size-]>a{color:inherit;font-size:inherit;line-height:inherit}.elementor-widget-heading .elementor-heading-title.elementor-size-small{font-size:15px}.elementor-widget-heading .elementor-heading-title.elementor-size-medium{font-size:19px}.elementor-widget-heading .elementor-heading-title.elementor-size-large{font-size:29px}.elementor-widget-heading .elementor-heading-title.elementor-size-xl{font-size:39px}.elementor-widget-heading .elementor-heading-title.elementor-size-xxl{font-size:59px}<\/style><h6 class=\"elementor-heading-title elementor-size-xxl\">CATALOGO 2024<\/h6>\t\t<\/div>\n\t\t\t\t<\/div>\n\t\t\t\t\t<\/div>\n\t\t<\/div>\n\t\t\t\t\t\t\t<\/div>\n\t\t<\/section>\n\t\t\t\t<section class=\"elementor-section elementor-top-section elementor-element elementor-element-460970c elementor-section-boxed elementor-section-height-default elementor-section-height-default\" data-id=\"460970c\" data-element_type=\"section\">\n\t\t\t\t\t\t<div class=\"elementor-container elementor-column-gap-wide\">\n\t\t\t\t\t<div class=\"elementor-column elementor-col-50 elementor-top-column elementor-element elementor-element-21f68a6\" data-id=\"21f68a6\" data-element_type=\"column\">\n\t\t\t<div class=\"elementor-widget-wrap elementor-element-populated\">\n\t\t\t\t\t\t\t\t<div class=\"elementor-element elementor-element-670e6d2 elementor-widget elementor-widget-image\" data-id=\"670e6d2\" data-element_type=\"widget\" data-widget_type=\"image.default\">\n\t\t\t\t<div class=\"elementor-widget-container\">\n\t\t\t<style>\/*! elementor - v3.16.0 - 20-09-2023 *\/\n.elementor-widget-image{text-align:center}.elementor-widget-image a{display:inline-block}.elementor-widget-image a img[src$=\".svg\"]{width:48px}.elementor-widget-image img{vertical-align:middle;display:inline-block}<\/style>\t\t\t\t\t\t\t\t\t\t\t\t<img loading=\"lazy\" decoding=\"async\" width=\"1024\" height=\"768\" src=\"https:\/\/fullbombas.cl\/cl\/wp-content\/uploads\/2023\/10\/WhatsApp-Image-2023-10-01-at-21.36.42-1024x768.jpeg\" class=\"attachment-large size-large wp-image-2062\" alt=\"\" srcset=\"https:\/\/fullbombas.cl\/cl\/wp-content\/uploads\/2023\/10\/WhatsApp-Image-2023-10-01-at-21.36.42-1024x768.jpeg 1024w, https:\/\/fullbombas.cl\/cl\/wp-content\/uploads\/2023\/10\/WhatsApp-Image-2023-10-01-at-21.36.42-300x225.jpeg 300w, https:\/\/fullbombas.cl\/cl\/wp-content\/uploads\/2023\/10\/WhatsApp-Image-2023-10-01-at-21.36.42-768x576.jpeg 768w, https:\/\/fullbombas.cl\/cl\/wp-content\/uploads\/2023\/10\/WhatsApp-Image-2023-10-01-at-21.36.42-1536x1152.jpeg 1536w, https:\/\/fullbombas.cl\/cl\/wp-content\/uploads\/2023\/10\/WhatsApp-Image-2023-10-01-at-21.36.42.jpeg 1600w\" sizes=\"auto, (max-width: 1024px) 100vw, 1024px\" \/>\t\t\t\t\t\t\t\t\t\t\t\t\t\t\t<\/div>\n\t\t\t\t<\/div>\n\t\t\t\t<div class=\"elementor-element elementor-element-2f191e0 elementor-widget elementor-widget-button\" data-id=\"2f191e0\" data-element_type=\"widget\" data-widget_type=\"button.default\">\n\t\t\t\t<div class=\"elementor-widget-container\">\n\t\t\t\t\t<div class=\"elementor-button-wrapper\">\n\t\t\t<a class=\"elementor-button elementor-button-link elementor-size-xl\" href=\"https:\/\/wa.me\/56989036435?text=Hola%20Estoy%20Interesado%20En%20el%20Producto%20Bomba%20Victoria%20Plus%20Silent\">\n\t\t\t\t\t\t<span class=\"elementor-button-content-wrapper\">\n\t\t\t\t\t\t<span class=\"elementor-button-icon elementor-align-icon-right\">\n\t\t\t\t<i aria-hidden=\"true\" class=\"far fa-credit-card\"><\/i>\t\t\t<\/span>\n\t\t\t\t\t\t<span class=\"elementor-button-text\">QUIERO COMPRAR!<\/span>\n\t\t<\/span>\n\t\t\t\t\t<\/a>\n\t\t<\/div>\n\t\t\t\t<\/div>\n\t\t\t\t<\/div>\n\t\t\t\t\t<\/div>\n\t\t<\/div>\n\t\t\t\t<div class=\"elementor-column elementor-col-50 elementor-top-column elementor-element elementor-element-bc42c60\" data-id=\"bc42c60\" data-element_type=\"column\">\n\t\t\t<div class=\"elementor-widget-wrap elementor-element-populated\">\n\t\t\t\t\t\t\t\t<div class=\"elementor-element elementor-element-0073403 elementor-widget elementor-widget-heading\" data-id=\"0073403\" data-element_type=\"widget\" data-widget_type=\"heading.default\">\n\t\t\t\t<div class=\"elementor-widget-container\">\n\t\t\t<h2 class=\"elementor-heading-title elementor-size-default\">BOMBA VICTORIA PLUS SILENT<\/h2>\t\t<\/div>\n\t\t\t\t<\/div>\n\t\t\t\t<div class=\"elementor-element elementor-element-60241e2 elementor-widget elementor-widget-text-editor\" data-id=\"60241e2\" data-element_type=\"widget\" data-widget_type=\"text-editor.default\">\n\t\t\t\t<div class=\"elementor-widget-container\">\n\t\t\t<style>\/*! elementor - v3.16.0 - 20-09-2023 *\/\n.elementor-widget-text-editor.elementor-drop-cap-view-stacked .elementor-drop-cap{background-color:#69727d;color:#fff}.elementor-widget-text-editor.elementor-drop-cap-view-framed .elementor-drop-cap{color:#69727d;border:3px solid;background-color:transparent}.elementor-widget-text-editor:not(.elementor-drop-cap-view-default) .elementor-drop-cap{margin-top:8px}.elementor-widget-text-editor:not(.elementor-drop-cap-view-default) .elementor-drop-cap-letter{width:1em;height:1em}.elementor-widget-text-editor .elementor-drop-cap{float:left;text-align:center;line-height:1;font-size:50px}.elementor-widget-text-editor .elementor-drop-cap-letter{display:inline-block}<\/style>\t\t\t\t<p><b>Caracter\u00edsticas Principales:<\/b><\/p><p><b>&#8211; Excelencia en ahorro energ\u00e9tico<\/b><\/p><p><b>&#8211; Mayor comodidad<\/b><\/p><p><b>&#8211; Calidad de filtraci\u00f3n optimizada<\/b><\/p><p>\u00a0<\/p>\t\t\t\t\t\t<\/div>\n\t\t\t\t<\/div>\n\t\t\t\t<div class=\"elementor-element elementor-element-d88998e elementor-widget elementor-widget-text-editor\" data-id=\"d88998e\" data-element_type=\"widget\" data-widget_type=\"text-editor.default\">\n\t\t\t\t<div class=\"elementor-widget-container\">\n\t\t\t\t\t\t\t<p><strong>Reparamos o cambiamos cualquier bomba en un d\u00eda. Contacta con nosotros y disfruta de una piscina en perfectas condiciones.<\/strong><\/p><p>Una bomba autoaspirante con motores monof\u00e1sicos y trif\u00e1sicos. En el cuerpo de la bomba se ha integrado un prefiltro para evitar la entrada de objetos extra\u00f1os que pudieran da\u00f1ar las partes hidr\u00e1ulicas de la bomba. Los motores suministrados han sido protegidos con IP-55 y acondicionados para soportar ambientes calurosos y niveles de humedad elevados. Marcaje GS. Las principales caracter\u00edsticas de Victoria Plus Silent son:<\/p><p>\u2022 Nivel de sonoridad bajo: entre 61 dB y 70 dB.<\/p><p>\u2022 F\u00e1cil de usar: tapa de prefiltro con 2 manetas incluidas (no es necesaria llave).<\/p><p>\u2022 Compatibilidad: 100% compatible en instalaciones equipadas con Victoria Plus.<\/p><p>\u2022 Rodamiento delantero de tama\u00f1o superior para mejorar esfuerzos axiales.<\/p><p>\u2022 Conjunto accesorios PVC incluidos en la bomba<\/p>\t\t\t\t\t\t<\/div>\n\t\t\t\t<\/div>\n\t\t\t\t\t<\/div>\n\t\t<\/div>\n\t\t\t\t\t\t\t<\/div>\n\t\t<\/section>\n\t\t\t\t<section class=\"elementor-section elementor-top-section elementor-element elementor-element-78a6e32 elementor-section-boxed elementor-section-height-default elementor-section-height-default\" data-id=\"78a6e32\" data-element_type=\"section\">\n\t\t\t\t\t\t<div class=\"elementor-container elementor-column-gap-wide\">\n\t\t\t\t\t<div class=\"elementor-column elementor-col-50 elementor-top-column elementor-element elementor-element-a526be0\" data-id=\"a526be0\" data-element_type=\"column\">\n\t\t\t<div class=\"elementor-widget-wrap elementor-element-populated\">\n\t\t\t\t\t\t\t\t<div class=\"elementor-element elementor-element-e044667 elementor-widget elementor-widget-image\" data-id=\"e044667\" data-element_type=\"widget\" data-widget_type=\"image.default\">\n\t\t\t\t<div class=\"elementor-widget-container\">\n\t\t\t\t\t\t\t\t\t\t\t\t\t\t\t<img loading=\"lazy\" decoding=\"async\" width=\"965\" height=\"1024\" src=\"https:\/\/fullbombas.cl\/cl\/wp-content\/uploads\/2023\/10\/WhatsApp-Image-2023-10-01-at-21.57.14-965x1024.jpeg\" class=\"attachment-large size-large wp-image-2099\" alt=\"\" srcset=\"https:\/\/fullbombas.cl\/cl\/wp-content\/uploads\/2023\/10\/WhatsApp-Image-2023-10-01-at-21.57.14-965x1024.jpeg 965w, https:\/\/fullbombas.cl\/cl\/wp-content\/uploads\/2023\/10\/WhatsApp-Image-2023-10-01-at-21.57.14-283x300.jpeg 283w, https:\/\/fullbombas.cl\/cl\/wp-content\/uploads\/2023\/10\/WhatsApp-Image-2023-10-01-at-21.57.14-768x815.jpeg 768w, https:\/\/fullbombas.cl\/cl\/wp-content\/uploads\/2023\/10\/WhatsApp-Image-2023-10-01-at-21.57.14.jpeg 1071w\" sizes=\"auto, (max-width: 965px) 100vw, 965px\" \/>\t\t\t\t\t\t\t\t\t\t\t\t\t\t\t<\/div>\n\t\t\t\t<\/div>\n\t\t\t\t<div class=\"elementor-element elementor-element-b9eb6fa elementor-widget elementor-widget-button\" data-id=\"b9eb6fa\" data-element_type=\"widget\" data-widget_type=\"button.default\">\n\t\t\t\t<div class=\"elementor-widget-container\">\n\t\t\t\t\t<div class=\"elementor-button-wrapper\">\n\t\t\t<a class=\"elementor-button elementor-button-link elementor-size-xl\" href=\"https:\/\/wa.me\/56989036435?text=Hola%20Estoy%20Interesado%20En%20el%20Producto%20Bomba%20de%20Calor\">\n\t\t\t\t\t\t<span class=\"elementor-button-content-wrapper\">\n\t\t\t\t\t\t<span class=\"elementor-button-icon elementor-align-icon-right\">\n\t\t\t\t<i aria-hidden=\"true\" class=\"far fa-credit-card\"><\/i>\t\t\t<\/span>\n\t\t\t\t\t\t<span class=\"elementor-button-text\">QUIERO COMPRAR!<\/span>\n\t\t<\/span>\n\t\t\t\t\t<\/a>\n\t\t<\/div>\n\t\t\t\t<\/div>\n\t\t\t\t<\/div>\n\t\t\t\t\t<\/div>\n\t\t<\/div>\n\t\t\t\t<div class=\"elementor-column elementor-col-50 elementor-top-column elementor-element elementor-element-1b15d4b\" data-id=\"1b15d4b\" data-element_type=\"column\">\n\t\t\t<div class=\"elementor-widget-wrap elementor-element-populated\">\n\t\t\t\t\t\t\t\t<div class=\"elementor-element elementor-element-d269145 elementor-widget elementor-widget-heading\" data-id=\"d269145\" data-element_type=\"widget\" data-widget_type=\"heading.default\">\n\t\t\t\t<div class=\"elementor-widget-container\">\n\t\t\t<h2 class=\"elementor-heading-title elementor-size-default\">Bomba de calor ASTRALPOOL<\/h2>\t\t<\/div>\n\t\t\t\t<\/div>\n\t\t\t\t<div class=\"elementor-element elementor-element-8ffdea8 elementor-widget elementor-widget-text-editor\" data-id=\"8ffdea8\" data-element_type=\"widget\" data-widget_type=\"text-editor.default\">\n\t\t\t\t<div class=\"elementor-widget-container\">\n\t\t\t\t\t\t\t<p style=\"font-size: 17px; font-style: normal; font-weight: 400;\">Funciones Principales:<\/p><p style=\"font-size: 17px; font-style: normal; font-weight: 400;\">8 niveles de potencia desde 4,7 kW hasta 30,9 kW<\/p><p style=\"font-size: 17px; font-style: normal; font-weight: 400;\">Funcionamiento correcto y silencioso hasta una temperatura de 0oC de temperatura ambiente<\/p><p><span style=\"background-color: var(--ast-global-color-5); color: var(--ast-global-color-3);\">Regulaci\u00f3n autom\u00e1tica de la calefacci\u00f3n y refrigeraci\u00f3n<\/span>\u00a0Modo prioridad calefacci\u00f3n (control de bomba de filtraci\u00f3n).<\/p><p>\u00a0<\/p><p>Descripci\u00f3n del producto<\/p><p>\u2022 Caja de alojamiento en pl\u00e1stico ABS<\/p><p>\u2022 Ventilador AC<\/p><p>\u2022 Desescarche autom\u00e1tico<\/p><p>\u2022 Intercambiador de agua de titanio<\/p><p>\u2022 Compresor Scroll<\/p><p>\u2022 Pantalla LCD desmontable<\/p><p>\u00a0<\/p>\t\t\t\t\t\t<\/div>\n\t\t\t\t<\/div>\n\t\t\t\t\t<\/div>\n\t\t<\/div>\n\t\t\t\t\t\t\t<\/div>\n\t\t<\/section>\n\t\t\t\t<section class=\"elementor-section elementor-top-section elementor-element elementor-element-f3a9834 elementor-section-boxed elementor-section-height-default elementor-section-height-default\" data-id=\"f3a9834\" data-element_type=\"section\">\n\t\t\t\t\t\t<div class=\"elementor-container elementor-column-gap-wide\">\n\t\t\t\t\t<div class=\"elementor-column elementor-col-50 elementor-top-column elementor-element elementor-element-5c6a5ae\" data-id=\"5c6a5ae\" data-element_type=\"column\">\n\t\t\t<div class=\"elementor-widget-wrap elementor-element-populated\">\n\t\t\t\t\t\t\t\t<div class=\"elementor-element elementor-element-353b5f3 elementor-widget elementor-widget-image\" data-id=\"353b5f3\" data-element_type=\"widget\" data-widget_type=\"image.default\">\n\t\t\t\t<div class=\"elementor-widget-container\">\n\t\t\t\t\t\t\t\t\t\t\t\t\t\t\t<img loading=\"lazy\" decoding=\"async\" width=\"840\" height=\"840\" src=\"https:\/\/fullbombas.cl\/cl\/wp-content\/uploads\/2023\/10\/WhatsApp-Image-2023-10-01-at-22.16.27.jpeg\" class=\"attachment-large size-large wp-image-2104\" alt=\"\" srcset=\"https:\/\/fullbombas.cl\/cl\/wp-content\/uploads\/2023\/10\/WhatsApp-Image-2023-10-01-at-22.16.27.jpeg 840w, https:\/\/fullbombas.cl\/cl\/wp-content\/uploads\/2023\/10\/WhatsApp-Image-2023-10-01-at-22.16.27-300x300.jpeg 300w, https:\/\/fullbombas.cl\/cl\/wp-content\/uploads\/2023\/10\/WhatsApp-Image-2023-10-01-at-22.16.27-150x150.jpeg 150w, https:\/\/fullbombas.cl\/cl\/wp-content\/uploads\/2023\/10\/WhatsApp-Image-2023-10-01-at-22.16.27-768x768.jpeg 768w\" sizes=\"auto, (max-width: 840px) 100vw, 840px\" \/>\t\t\t\t\t\t\t\t\t\t\t\t\t\t\t<\/div>\n\t\t\t\t<\/div>\n\t\t\t\t<div class=\"elementor-element elementor-element-dba447b elementor-widget elementor-widget-button\" data-id=\"dba447b\" data-element_type=\"widget\" data-widget_type=\"button.default\">\n\t\t\t\t<div class=\"elementor-widget-container\">\n\t\t\t\t\t<div class=\"elementor-button-wrapper\">\n\t\t\t<a class=\"elementor-button elementor-button-link elementor-size-xl\" href=\"https:\/\/wa.me\/56989036435?text=Hola%20Estoy%20Interesado%20En%20el%20Producto%20Robot%20impiafondos%20Zodiac%20VortexGV3520\">\n\t\t\t\t\t\t<span class=\"elementor-button-content-wrapper\">\n\t\t\t\t\t\t<span class=\"elementor-button-icon elementor-align-icon-right\">\n\t\t\t\t<i aria-hidden=\"true\" class=\"far fa-credit-card\"><\/i>\t\t\t<\/span>\n\t\t\t\t\t\t<span class=\"elementor-button-text\">QUIERO COMPRAR<\/span>\n\t\t<\/span>\n\t\t\t\t\t<\/a>\n\t\t<\/div>\n\t\t\t\t<\/div>\n\t\t\t\t<\/div>\n\t\t\t\t\t<\/div>\n\t\t<\/div>\n\t\t\t\t<div class=\"elementor-column elementor-col-50 elementor-top-column elementor-element elementor-element-c1c66d5\" data-id=\"c1c66d5\" data-element_type=\"column\">\n\t\t\t<div class=\"elementor-widget-wrap elementor-element-populated\">\n\t\t\t\t\t\t\t\t<div class=\"elementor-element elementor-element-d371424 elementor-widget elementor-widget-heading\" data-id=\"d371424\" data-element_type=\"widget\" data-widget_type=\"heading.default\">\n\t\t\t\t<div class=\"elementor-widget-container\">\n\t\t\t<h2 class=\"elementor-heading-title elementor-size-default\">ROBOT LIMPIAFONDOS ZODIAC<\/h2>\t\t<\/div>\n\t\t\t\t<\/div>\n\t\t\t\t<div class=\"elementor-element elementor-element-0783042 elementor-widget elementor-widget-text-editor\" data-id=\"0783042\" data-element_type=\"widget\" data-widget_type=\"text-editor.default\">\n\t\t\t\t<div class=\"elementor-widget-container\">\n\t\t\t\t\t\t\t<p>El Robot Limpiafondos Zodiac Vortex GV3520 es uno de los m\u00e1s completos de su gama por lo que puede realizar una aspiraci\u00f3n s\u00faper potente y constante.\u00a0<\/p><p>La tecnolog\u00eda de aspiraci\u00f3n cicl\u00f3nica\u00a0 hace posible que sea m\u00e1s f\u00e1cil de mantener porque la suciedad no se queda adherida a las paredes apto para<span style=\"background-color: var(--ast-global-color-5); color: var(--ast-global-color-3); font-style: inherit; font-weight: inherit;\">\u00a0piscinas sobre suelo con paredes r\u00edgidas de hasta 12 x 6 m.<\/span><\/p><p><span style=\"background-color: var(--ast-global-color-5); color: var(--ast-global-color-3); font-style: inherit; font-weight: inherit;\">\u00a0<\/span><\/p><p>Accesorios incluidos:<\/p><p>\u2013 Caja de control.<\/p><p>\u2013 Filtro de residuos finos 100\u00b5.<\/p><p>\u2013 Carro de transporte.<\/p><p>\u2013 Goma para ruedas frontales\u00a0<\/p><p>\u2013 Mando a distancia Kinetic.<\/p><p>\u00a0<\/p><p>Caracter\u00edsticas Generales del Robot\u00a0<\/p><p>\u2013 Duraci\u00f3n del ciclo de limpieza: 6 ciclos\u00a0<\/p><p>\u2013 Fondo \u00abDeep Clean\u00bb : 1h, 1h30, 2h\u00a0<\/p><p>\u2013 Fondo \/ Paredes \/ L\u00ednea de agua : 2h, 2h30, 3h.<\/p><p>\u2013 Zona de limpieza: Fondo \/ paredes \/ l\u00ednea de agua.<\/p><p>\u2013 Transmisi\u00f3n: Engranajes.<\/p><p>\u2013 Desplazamiento: Preprogramado.<\/p><p>\u2013 Mando a distancia: S\u00ed.<\/p><p>\u2013 Sistema de tracci\u00f3n: 2 ruedas motrices.<\/p><p>\u2013 Cepillos: S\u00ed.<\/p><p><span style=\"font-style: inherit; font-weight: inherit; background-color: var(--ast-global-color-5); color: var(--ast-global-color-3);\">\u00a0<\/span><span style=\"background-color: var(--ast-global-color-5); color: var(--ast-global-color-3); font-size: 1rem;\">\u2013<\/span><span style=\"background-color: var(--ast-global-color-5); color: var(--ast-global-color-3); font-style: inherit; font-weight: inherit;\">Seguridad: Sistema playa, parada autom\u00e1tica fuera del agua, protecci\u00f3n electr\u00f3nica de los motores.<\/span><\/p><p>\u2013 Tipo de filtro \/ acceso: Filtro r\u00edgido con acceso por la parte superior del limpiafondos.<\/p>\t\t\t\t\t\t<\/div>\n\t\t\t\t<\/div>\n\t\t\t\t\t<\/div>\n\t\t<\/div>\n\t\t\t\t\t\t\t<\/div>\n\t\t<\/section>\n\t\t\t\t<section class=\"elementor-section elementor-top-section elementor-element elementor-element-cde0efe elementor-section-content-middle elementor-section-boxed elementor-section-height-default elementor-section-height-default\" data-id=\"cde0efe\" data-element_type=\"section\" data-settings=\"{&quot;background_background&quot;:&quot;classic&quot;}\">\n\t\t\t\t\t\t<div class=\"elementor-container elementor-column-gap-default\">\n\t\t\t\t\t<div class=\"elementor-column elementor-col-100 elementor-top-column elementor-element elementor-element-8f2eeb9\" data-id=\"8f2eeb9\" data-element_type=\"column\">\n\t\t\t<div class=\"elementor-widget-wrap elementor-element-populated\">\n\t\t\t\t\t\t\t\t<div class=\"elementor-element elementor-element-322bb4e elementor-widget elementor-widget-heading\" data-id=\"322bb4e\" data-element_type=\"widget\" data-widget_type=\"heading.default\">\n\t\t\t\t<div class=\"elementor-widget-container\">\n\t\t\t<h2 class=\"elementor-heading-title elementor-size-default\">TE AYUDAMOS!!<\/h2>\t\t<\/div>\n\t\t\t\t<\/div>\n\t\t\t\t<div class=\"elementor-element elementor-element-63eaa9b elementor-widget elementor-widget-text-editor\" data-id=\"63eaa9b\" data-element_type=\"widget\" data-widget_type=\"text-editor.default\">\n\t\t\t\t<div class=\"elementor-widget-container\">\n\t\t\t\t\t\t\t\t\t\t\t\t\t<\/div>\n\t\t\t\t<\/div>\n\t\t\t\t<div class=\"elementor-element elementor-element-5cc4301 elementor-align-center elementor-widget elementor-widget-button\" data-id=\"5cc4301\" data-element_type=\"widget\" data-widget_type=\"button.default\">\n\t\t\t\t<div class=\"elementor-widget-container\">\n\t\t\t\t\t<div class=\"elementor-button-wrapper\">\n\t\t\t<a class=\"elementor-button elementor-button-link elementor-size-xl\" href=\"https:\/\/wa.me\/56989036435?text=Buen%20dia,%20favor%20solicito%20me%20contacten\">\n\t\t\t\t\t\t<span class=\"elementor-button-content-wrapper\">\n\t\t\t\t\t\t<span class=\"elementor-button-icon elementor-align-icon-right\">\n\t\t\t\t<i aria-hidden=\"true\" class=\"fab fa-whatsapp-square\"><\/i>\t\t\t<\/span>\n\t\t\t\t\t\t<span class=\"elementor-button-text\">WHATSSAP<\/span>\n\t\t<\/span>\n\t\t\t\t\t<\/a>\n\t\t<\/div>\n\t\t\t\t<\/div>\n\t\t\t\t<\/div>\n\t\t\t\t\t<\/div>\n\t\t<\/div>\n\t\t\t\t\t\t\t<\/div>\n\t\t<\/section>\n\t\t\t\t\t\t\t<\/div>\n\t\t","protected":false},"excerpt":{"rendered":"<p>CATALOGO 2024 QUIERO COMPRAR! BOMBA VICTORIA PLUS SILENT Caracter\u00edsticas Principales: &#8211; Excelencia en ahorro energ\u00e9tico &#8211; Mayor comodidad &#8211; Calidad de filtraci\u00f3n optimizada \u00a0 Reparamos o cambiamos cualquier bomba en un d\u00eda. Contacta con nosotros y disfruta de una piscina en perfectas condiciones. Una bomba autoaspirante con motores monof\u00e1sicos y trif\u00e1sicos. En el cuerpo de &hellip;<\/p>\n<p class=\"read-more\"> <a class=\"\" href=\"https:\/\/fullbombas.cl\/cl\/quienes-somos\/\"> <span class=\"screen-reader-text\">Qui\u00e9nes Somos<\/span> Leer m\u00e1s &raquo;<\/a><\/p>\n","protected":false},"author":1,"featured_media":0,"parent":0,"menu_order":0,"comment_status":"closed","ping_status":"closed","template":"","meta":{"site-sidebar-layout":"no-sidebar","site-content-layout":"page-builder","ast-site-content-layout":"full-width-container","site-content-style":"unboxed","site-sidebar-style":"unboxed","ast-global-header-display":"","ast-banner-title-visibility":"","ast-main-header-display":"","ast-hfb-above-header-display":"","ast-hfb-below-header-display":"","ast-hfb-mobile-header-display":"","site-post-title":"disabled","ast-breadcrumbs-content":"","ast-featured-img":"disabled","footer-sml-layout":"","theme-transparent-header-meta":"disabled","adv-header-id-meta":"","stick-header-meta":"","header-above-stick-meta":"","header-main-stick-meta":"","header-below-stick-meta":"","astra-migrate-meta-layouts":"set","footnotes":""},"class_list":["post-1830","page","type-page","status-publish","hentry"],"_links":{"self":[{"href":"https:\/\/fullbombas.cl\/cl\/wp-json\/wp\/v2\/pages\/1830","targetHints":{"allow":["GET"]}}],"collection":[{"href":"https:\/\/fullbombas.cl\/cl\/wp-json\/wp\/v2\/pages"}],"about":[{"href":"https:\/\/fullbombas.cl\/cl\/wp-json\/wp\/v2\/types\/page"}],"author":[{"embeddable":true,"href":"https:\/\/fullbombas.cl\/cl\/wp-json\/wp\/v2\/users\/1"}],"replies":[{"embeddable":true,"href":"https:\/\/fullbombas.cl\/cl\/wp-json\/wp\/v2\/comments?post=1830"}],"version-history":[{"count":51,"href":"https:\/\/fullbombas.cl\/cl\/wp-json\/wp\/v2\/pages\/1830\/revisions"}],"predecessor-version":[{"id":2688,"href":"https:\/\/fullbombas.cl\/cl\/wp-json\/wp\/v2\/pages\/1830\/revisions\/2688"}],"wp:attachment":[{"href":"https:\/\/fullbombas.cl\/cl\/wp-json\/wp\/v2\/media?parent=1830"}],"curies":[{"name":"wp","href":"https:\/\/api.w.org\/{rel}","templated":true}]}}